{"id":136,"date":"2022-05-17T03:37:13","date_gmt":"2022-05-17T03:37:13","guid":{"rendered":"https:\/\/fundemas.org\/modoverde_oriente\/?page_id=136"},"modified":"2025-06-05T17:45:06","modified_gmt":"2025-06-05T17:45:06","slug":"introduccion","status":"publish","type":"page","link":"https:\/\/fundemas.org\/elsalvadorsincolillas\/introduccion\/","title":{"rendered":"Introducci\u00f3n"},"content":{"rendered":"<body><p>[et_pb_section fb_built=\u201d1\u2033 fullwidth=\u201don\u201d _builder_version=\u201d4.27.4\u2033 _module_preset=\u201ddefault\u201d global_colors_info=\u201d{}\u201d][et_pb_fullwidth_slider _builder_version=\u201d4.27.4\u2033 _module_preset=\u201ddefault\u201d header_font=\u201d|600|||||||\u201d header_text_color=\u201d#FFFFFF\u201d hover_enabled=\u201d0\u2033 header_text_shadow_style=\u201dpreset1\u2033 global_colors_info=\u201d{}\u201d sticky_enabled=\u201d0\u2033][et_pb_slide heading=\u201d@ET-DC@eyJkeW5hbWljIjp0cnVlLCJjb250ZW50IjoicG9zdF9saW5rIiwic2V0dGluZ3MiOnsiYmVmb3JlIjoiIiwiYWZ0ZXIiOiIiLCJ0ZXh0IjoicG9zdF90aXRsZSIsImN1c3RvbV90ZXh0IjoiIn19@\u201d _builder_version=\u201d4.27.4\u2033 _dynamic_attributes=\u201dheading\u201d _module_preset=\u201ddefault\u201d background_enable_color=\u201doff\u201d background_image=\u201dhttps:\/\/fundemas.org\/elsalvadorsincolillas\/wp-content\/uploads\/2022\/05\/Shoot_3-3-scaled.jpg\u201d background_enable_image=\u201don\u201d hover_enabled=\u201d0\u2033 global_colors_info=\u201d{}\u201d sticky_transition=\u201don\u201d title_text=\u201dShoot_3-3\u2033 sticky_enabled=\u201d0\u2033][\/et_pb_slide][\/et_pb_fullwidth_slider][\/et_pb_section][et_pb_section fb_built=\u201d1\u2033 _builder_version=\u201d4.17.4\u2033 _module_preset=\u201ddefault\u201d background_color=\u201d#f2f2f2\u2033 global_colors_info=\u201d{}\u201d][et_pb_row _builder_version=\u201d4.17.4\u2033 _module_preset=\u201ddefault\u201d global_colors_info=\u201d{}\u201d][et_pb_column type=\u201d4_4\u2033 _builder_version=\u201d4.17.4\u2033 _module_preset=\u201ddefault\u201d global_colors_info=\u201d{}\u201d][et_pb_text _builder_version=\u201d4.17.4\u2033 _module_preset=\u201ddefault\u201d global_colors_info=\u201d{}\u201d]<\/p>\n<p>Somos una alianza multisectorial que ha creado el movimiento \u201cEl Salvador Sin Colillas\u201d y que busca generar un medio ambiente m\u00e1s saludable y sostenible.<\/p>\n<p>Cada segundo, m\u00e1s de 10,000 colillas de cigarrillo son desechadas de manera incorrecta y generan contaminaci\u00f3n.<\/p>\n<p>\u201cEl Salvador Sin colillas\u201d tiene como objetivo generar conciencia y educar sobre la responsable disposici\u00f3n final de las colillas de cigarrillo para <strong>reducir el da\u00f1o al medio ambiente.<\/strong><\/p>\n<p>En el 2021 realizamos una campa\u00f1a para sensibilizar sobre la correcta disposici\u00f3n de colillas, con due\u00f1os de establecimientos en los alrededores en la playa El Tunco, junto con las comunidades vecinas y las autoridades locales.<\/p>\n<p>Durante el 2022 queremos seguir impulsando la cultura de conciencia ambiental en Oriente, y luego a todo El Salvador en el mediano plazo.<\/p>\n<p>Este movimiento incorpora la integraci\u00f3n acad\u00e9mica a trav\u00e9s de la Universidad de Oriente con investigaciones sobre la gesti\u00f3n adecuada de estos desechos.<\/p>\n<p>[\/et_pb_text][\/et_pb_column][\/et_pb_row][et_pb_row column_structure=\u201d1_2,1_2\u2033 _builder_version=\u201d4.17.4\u2033 _module_preset=\u201ddefault\u201d width=\u201d70%\u201d global_colors_info=\u201d{}\u201d][et_pb_column type=\u201d1_2\u2033 _builder_version=\u201d4.17.4\u2033 _module_preset=\u201ddefault\u201d global_colors_info=\u201d{}\u201d][et_pb_image src=\u201dhttps:\/\/fundemas.org\/elsalvadorsincolillas\/wp-content\/uploads\/2022\/05\/img1.png\u201d title_text=\u201dimg1\u2033 align=\u201dcenter\u201d _builder_version=\u201d4.27.4\u2033 _module_preset=\u201ddefault\u201d hover_enabled=\u201d0\u2033 global_colors_info=\u201d{}\u201d sticky_enabled=\u201d0\u2033][\/et_pb_image][\/et_pb_column][et_pb_column type=\u201d1_2\u2033 _builder_version=\u201d4.17.4\u2033 _module_preset=\u201ddefault\u201d global_colors_info=\u201d{}\u201d][et_pb_image src=\u201dhttps:\/\/fundemas.org\/elsalvadorsincolillas\/wp-content\/uploads\/2022\/05\/img2.png\u201d title_text=\u201dimg2\u2033 align=\u201dcenter\u201d _builder_version=\u201d4.27.4\u2033 _module_preset=\u201ddefault\u201d hover_enabled=\u201d0\u2033 global_colors_info=\u201d{}\u201d sticky_enabled=\u201d0\u2033][\/et_pb_image][\/et_pb_column][\/et_pb_row][et_pb_row _builder_version=\u201d4.17.4\u2033 _module_preset=\u201ddefault\u201d global_colors_info=\u201d{}\u201d][et_pb_column type=\u201d4_4\u2033 _builder_version=\u201d4.17.4\u2033 _module_preset=\u201ddefault\u201d global_colors_info=\u201d{}\u201d][et_pb_button button_url=\u201d@ET-DC@eyJkeW5hbWljIjp0cnVlLCJjb250ZW50IjoicG9zdF9saW5rX3VybF9wYWdlIiwic2V0dGluZ3MiOnsicG9zdF9pZCI6IjI4In19@\u201d button_text=\u201dRegresar a Inicio\u201d button_alignment=\u201dright\u201d _builder_version=\u201d4.17.4\u2033 _dynamic_attributes=\u201dbutton_url\u201d _module_preset=\u201ddefault\u201d custom_button=\u201don\u201d button_icon=\u201dJ||divi||400\u2033 button_icon_placement=\u201dleft\u201d global_colors_info=\u201d{}\u201d][\/et_pb_button][\/et_pb_column][\/et_pb_row][\/et_pb_section]<\/p>\n<\/body>","protected":false},"excerpt":{"rendered":"<p>Somos una alianza multisectorial que ha creado el movimiento \u201cEl Salvador Sin Colillas\u201d y que busca generar un medio ambiente m\u00e1s saludable y sostenible. Cada segundo, m\u00e1s de 10,000 colillas de cigarrillo son desechadas de manera incorrecta y generan contaminaci\u00f3n. \u201cEl Salvador Sin colillas\u201d tiene como objetivo generar conciencia y educar sobre la responsable disposici\u00f3n [&hellip;]<\/p>\n","protected":false},"author":2,"featured_media":0,"parent":0,"menu_order":0,"comment_status":"closed","ping_status":"closed","template":"","meta":{"_et_pb_use_builder":"on","_et_pb_old_content":"","_et_gb_content_width":"","om_disable_all_campaigns":false,"footnotes":""},"class_list":["post-136","page","type-page","status-publish","hentry"],"jetpack_sharing_enabled":true,"_links":{"self":[{"href":"https:\/\/fundemas.org\/elsalvadorsincolillas\/wp-json\/wp\/v2\/pages\/136","targetHints":{"allow":["GET"]}}],"collection":[{"href":"https:\/\/fundemas.org\/elsalvadorsincolillas\/wp-json\/wp\/v2\/pages"}],"about":[{"href":"https:\/\/fundemas.org\/elsalvadorsincolillas\/wp-json\/wp\/v2\/types\/page"}],"author":[{"embeddable":true,"href":"https:\/\/fundemas.org\/elsalvadorsincolillas\/wp-json\/wp\/v2\/users\/2"}],"replies":[{"embeddable":true,"href":"https:\/\/fundemas.org\/elsalvadorsincolillas\/wp-json\/wp\/v2\/comments?post=136"}],"version-history":[{"count":5,"href":"https:\/\/fundemas.org\/elsalvadorsincolillas\/wp-json\/wp\/v2\/pages\/136\/revisions"}],"predecessor-version":[{"id":483,"href":"https:\/\/fundemas.org\/elsalvadorsincolillas\/wp-json\/wp\/v2\/pages\/136\/revisions\/483"}],"wp:attachment":[{"href":"https:\/\/fundemas.org\/elsalvadorsincolillas\/wp-json\/wp\/v2\/media?parent=136"}],"curies":[{"name":"wp","href":"https:\/\/api.w.org\/{rel}","templated":true}]}}