{"id":159,"date":"2022-05-17T03:49:03","date_gmt":"2022-05-17T03:49:03","guid":{"rendered":"https:\/\/fundemas.org\/modoverde_oriente\/?page_id=159"},"modified":"2025-06-05T17:42:36","modified_gmt":"2025-06-05T17:42:36","slug":"no-tiramos-colillas","status":"publish","type":"page","link":"https:\/\/fundemas.org\/elsalvadorsincolillas\/no-tiramos-colillas\/","title":{"rendered":"\u00a1No tiramos colillas!"},"content":{"rendered":"<body><p>[et_pb_section fb_built=\u201d1\u2033 fullwidth=\u201don\u201d _builder_version=\u201d4.27.4\u2033 _module_preset=\u201ddefault\u201d global_colors_info=\u201d{}\u201d][et_pb_fullwidth_slider _builder_version=\u201d4.27.4\u2033 _module_preset=\u201ddefault\u201d header_font=\u201d|600|||||||\u201d header_text_color=\u201d#FFFFFF\u201d hover_enabled=\u201d0\u2033 header_text_shadow_style=\u201dpreset1\u2033 global_colors_info=\u201d{}\u201d sticky_enabled=\u201d0\u2033][et_pb_slide heading=\u201d@ET-DC@eyJkeW5hbWljIjp0cnVlLCJjb250ZW50IjoicG9zdF9saW5rIiwic2V0dGluZ3MiOnsiYmVmb3JlIjoiIiwiYWZ0ZXIiOiIiLCJ0ZXh0IjoicG9zdF90aXRsZSIsImN1c3RvbV90ZXh0IjoiIn19@\u201d _builder_version=\u201d4.27.4\u2033 _dynamic_attributes=\u201dheading\u201d _module_preset=\u201ddefault\u201d background_enable_color=\u201doff\u201d background_image=\u201dhttps:\/\/fundemas.org\/elsalvadorsincolillas\/wp-content\/uploads\/2025\/06\/IMG_3953-1.jpg\u201d background_enable_image=\u201don\u201d hover_enabled=\u201d0\u2033 global_colors_info=\u201d{}\u201d sticky_transition=\u201don\u201d title_text=\u201dIMG_3953 (1)\u201d sticky_enabled=\u201d0\u2033 use_bg_overlay=\u201don\u201d][\/et_pb_slide][\/et_pb_fullwidth_slider][\/et_pb_section][et_pb_section fb_built=\u201d1\u2033 _builder_version=\u201d4.17.4\u2033 _module_preset=\u201ddefault\u201d background_color=\u201d#f2f2f2\u2033 global_colors_info=\u201d{}\u201d][et_pb_row _builder_version=\u201d4.17.4\u2033 _module_preset=\u201ddefault\u201d global_colors_info=\u201d{}\u201d][et_pb_column type=\u201d4_4\u2033 _builder_version=\u201d4.17.4\u2033 _module_preset=\u201ddefault\u201d global_colors_info=\u201d{}\u201d][et_pb_text _builder_version=\u201d4.17.4\u2033 _module_preset=\u201ddefault\u201d custom_padding=\u201d||0px|||\u201d animation_style=\u201dfade\u201d locked=\u201doff\u201d global_colors_info=\u201d{}\u201d]<\/p>\n<p>\u00bfSab\u00edas que una colilla de cigarrillo puede tardar hasta quince a\u00f1os en descomponerse?<\/p>\n<p>Las colillas de cigarrillos est\u00e1n hechas de:<\/p>\n<ul>\n<li>Filtro (que contiene acetato de celulosa, un biopl\u00e1stico hecho de pulpa de madera)<\/li>\n<li>Papel fino<\/li>\n<li>Restos de tabaco sin quemar<\/li>\n<li>Cenizas, residuos de humo y otros restos de la combusti\u00f3n del cigarrillo<br>Debemos actuar ahora.<\/li>\n<\/ul>\n<p>Recientemente se realiz\u00f3 en Francia una investigaci\u00f3n de campo que sugiri\u00f3 que uno de cada tres cigarrillos estaba siendo arrojado inadecuadamente en p\u00fablico. (Fuente: ENOTIKO, OPTAE, Francia 2019)<\/p>\n<p>Trabajemos juntos para que nuestro planeta est\u00e9 libre de desechos.<\/p>\n<p>\u201cEl Salvador Sin colillas\u201d tiene como objetivo generar conciencia y educar sobre la responsable disposici\u00f3n final de las colillas de cigarrillo para <strong>reducir el da\u00f1o al medio ambiente.<\/strong><\/p>\n<p>En el 2021 realizamos una campa\u00f1a para sensibilizar sobre la correcta disposici\u00f3n de colillas, con due\u00f1os de establecimientos en los alrededores en la playa El Tunco, junto con las comunidades vecinas y las autoridades locales.<\/p>\n<p>Durante el 2022 queremos seguir impulsando la cultura de conciencia ambiental en Oriente, y luego a todo El Salvador en el mediano plazo.<\/p>\n<p>Este movimiento incorpora la integraci\u00f3n acad\u00e9mica a trav\u00e9s de la Universidad de Oriente con investigaciones sobre la gesti\u00f3n adecuada de estos desechos.<\/p>\n<p>[\/et_pb_text][\/et_pb_column][\/et_pb_row][et_pb_row _builder_version=\u201d4.17.4\u2033 _module_preset=\u201ddefault\u201d global_colors_info=\u201d{}\u201d][et_pb_column type=\u201d4_4\u2033 _builder_version=\u201d4.17.4\u2033 _module_preset=\u201ddefault\u201d global_colors_info=\u201d{}\u201d][et_pb_button button_url=\u201d@ET-DC@eyJkeW5hbWljIjp0cnVlLCJjb250ZW50IjoicG9zdF9saW5rX3VybF9wYWdlIiwic2V0dGluZ3MiOnsicG9zdF9pZCI6IjI4In19@\u201d button_text=\u201dRegresar a Inicio\u201d button_alignment=\u201dright\u201d _builder_version=\u201d4.17.4\u2033 _dynamic_attributes=\u201dbutton_url\u201d _module_preset=\u201ddefault\u201d custom_button=\u201don\u201d button_icon=\u201dJ||divi||400\u2033 button_icon_placement=\u201dleft\u201d global_colors_info=\u201d{}\u201d][\/et_pb_button][\/et_pb_column][\/et_pb_row][\/et_pb_section]<\/p>\n<\/body>","protected":false},"excerpt":{"rendered":"<p>\u00bfSab\u00edas que una colilla de cigarrillo puede tardar hasta quince a\u00f1os en descomponerse? Las colillas de cigarrillos est\u00e1n hechas de: Filtro (que contiene acetato de celulosa, un biopl\u00e1stico hecho de pulpa de madera) Papel fino Restos de tabaco sin quemar Cenizas, residuos de humo y otros restos de la combusti\u00f3n del cigarrilloDebemos actuar ahora. Recientemente [&hellip;]<\/p>\n","protected":false},"author":2,"featured_media":0,"parent":0,"menu_order":0,"comment_status":"closed","ping_status":"closed","template":"","meta":{"_et_pb_use_builder":"on","_et_pb_old_content":"","_et_gb_content_width":"","om_disable_all_campaigns":false,"footnotes":""},"class_list":["post-159","page","type-page","status-publish","hentry"],"jetpack_sharing_enabled":true,"_links":{"self":[{"href":"https:\/\/fundemas.org\/elsalvadorsincolillas\/wp-json\/wp\/v2\/pages\/159","targetHints":{"allow":["GET"]}}],"collection":[{"href":"https:\/\/fundemas.org\/elsalvadorsincolillas\/wp-json\/wp\/v2\/pages"}],"about":[{"href":"https:\/\/fundemas.org\/elsalvadorsincolillas\/wp-json\/wp\/v2\/types\/page"}],"author":[{"embeddable":true,"href":"https:\/\/fundemas.org\/elsalvadorsincolillas\/wp-json\/wp\/v2\/users\/2"}],"replies":[{"embeddable":true,"href":"https:\/\/fundemas.org\/elsalvadorsincolillas\/wp-json\/wp\/v2\/comments?post=159"}],"version-history":[{"count":5,"href":"https:\/\/fundemas.org\/elsalvadorsincolillas\/wp-json\/wp\/v2\/pages\/159\/revisions"}],"predecessor-version":[{"id":479,"href":"https:\/\/fundemas.org\/elsalvadorsincolillas\/wp-json\/wp\/v2\/pages\/159\/revisions\/479"}],"wp:attachment":[{"href":"https:\/\/fundemas.org\/elsalvadorsincolillas\/wp-json\/wp\/v2\/media?parent=159"}],"curies":[{"name":"wp","href":"https:\/\/api.w.org\/{rel}","templated":true}]}}