{"id":161,"date":"2022-05-17T03:55:44","date_gmt":"2022-05-17T03:55:44","guid":{"rendered":"https:\/\/fundemas.org\/modoverde_oriente\/?page_id=161"},"modified":"2025-06-05T17:39:10","modified_gmt":"2025-06-05T17:39:10","slug":"alianza-multisectorial","status":"publish","type":"page","link":"https:\/\/fundemas.org\/elsalvadorsincolillas\/alianza-multisectorial\/","title":{"rendered":"Alianza Multisectorial"},"content":{"rendered":"<body><p>[et_pb_section fb_built=\u201d1\u2033 fullwidth=\u201don\u201d _builder_version=\u201d4.17.4\u2033 _module_preset=\u201ddefault\u201d global_colors_info=\u201d{}\u201d][et_pb_fullwidth_slider _builder_version=\u201d4.27.4\u2033 _module_preset=\u201ddefault\u201d header_font=\u201d|600|||||||\u201d header_text_color=\u201d#FFFFFF\u201d hover_enabled=\u201d0\u2033 header_text_shadow_style=\u201dpreset1\u2033 global_colors_info=\u201d{}\u201d sticky_enabled=\u201d0\u2033][et_pb_slide heading=\u201d@ET-DC@eyJkeW5hbWljIjp0cnVlLCJjb250ZW50IjoicG9zdF9saW5rIiwic2V0dGluZ3MiOnsiYmVmb3JlIjoiIiwiYWZ0ZXIiOiIiLCJ0ZXh0IjoicG9zdF90aXRsZSIsImN1c3RvbV90ZXh0IjoiIn19@\u201d _builder_version=\u201d4.27.4\u2033 _dynamic_attributes=\u201dheading\u201d _module_preset=\u201ddefault\u201d background_enable_color=\u201doff\u201d background_image=\u201dhttps:\/\/fundemas.org\/elsalvadorsincolillas\/wp-content\/uploads\/2025\/06\/IMG_4013-1.jpg\u201d background_enable_image=\u201don\u201d hover_enabled=\u201d0\u2033 global_colors_info=\u201d{}\u201d sticky_transition=\u201don\u201d title_text=\u201dIMG_4013 (1)\u201d sticky_enabled=\u201d0\u2033 use_bg_overlay=\u201don\u201d][\/et_pb_slide][\/et_pb_fullwidth_slider][\/et_pb_section][et_pb_section fb_built=\u201d1\u2033 _builder_version=\u201d4.17.4\u2033 _module_preset=\u201ddefault\u201d background_color=\u201d#f2f2f2\u2033 global_colors_info=\u201d{}\u201d][et_pb_row _builder_version=\u201d4.17.4\u2033 _module_preset=\u201ddefault\u201d global_colors_info=\u201d{}\u201d][et_pb_column type=\u201d4_4\u2033 _builder_version=\u201d4.17.4\u2033 _module_preset=\u201ddefault\u201d global_colors_info=\u201d{}\u201d][et_pb_text _builder_version=\u201d4.17.4\u2033 _module_preset=\u201ddefault\u201d animation_style=\u201dfade\u201d locked=\u201doff\u201d global_colors_info=\u201d{}\u201d]<\/p>\n<p><strong>FUNDEMAS <\/strong><\/p>\n<p>FUNDEMAS tiene la firme convicci\u00f3n de seguir apoyando el proceso de sostenibilidad de las empresas, apoyando su visi\u00f3n de negocios, para que sean negocios sostenibles, resilientes y responsables en los tres pilares de la sostenibilidad y con la gobernanza de la empresa para trasladar al pa\u00eds un ambiente de crecimiento social e inclusivo.<\/p>\n<p>En este movimiento, FUNDEMAS busca sensibilizar a la poblaci\u00f3n, especialmente orientada a los que consumen tabaco y sensibilizar en la adecuada disposici\u00f3n de estos residuos.<\/p>\n<p><strong>Philip Morris El Salvador (PMI)<\/strong> vive un proceso de transformaci\u00f3n para construir un futuro libre de humo de cigarrillos. La inversi\u00f3n en ciencia y tecnolog\u00eda por m\u00e1s de 10 a\u00f1os ha logrado que se desarrollen alternativas al cigarrillo, alternativas sin humo, dirigidas a adultos fumadores que van a continuar fumando. Actualmente ha alcanzado 71 mercados en el mundo que se han cambiado a alternativas libres de humo.<\/p>\n<p>Nuestra estrategia de negocia es la sostenibilidad. Buscamos reducir el da\u00f1o no solo en las personas fumadoras sino tambi\u00e9n en el medio ambiente, por medio de iniciativas que prevengan el vertido de residuos.\u00a0 La mejor manera de luchar contra este problema es unir esfuerzos. Nuestro mundo no es un cenicero. Conozca m\u00e1s informaci\u00f3n en: <a href=\"https:\/\/www.worldnoashtray.com\/es\/\">https:\/\/www.worldnoashtray.com\/es\/<\/a><\/p>\n<p><a href=\"https:\/\/globalcomms.23video.com\/hagamos-que-nuestro-mundo-este\">https:\/\/globalcomms.23video.com\/hagamos-que-nuestro-mundo-este<\/a><\/p>\n<p>\u00a0<\/p>\n<p><strong>Universidad de Oriente (UNIVO)<\/strong><\/p>\n<p>La parte acad\u00e9mica e investigativa que la UNIVO quiere aportar es generar \u00a0condiciones para la transformaci\u00f3n de actitudes, en la poblaci\u00f3n, para la adecuada disposici\u00f3n de los desechos \/ colillas.<\/p>\n<p>Como UNIVO, maneja tres pilares: academia, investigaci\u00f3n, proyecci\u00f3n social que sumar\u00e1n a este movimiento \u201cSin colillas\u201d. Adem\u00e1s se apoyar\u00e1 a la creaci\u00f3n de prototipos de transformaci\u00f3n de las colillas, concientizaci\u00f3n en los estudiantes y en la parte formativa para concientizar a la poblaci\u00f3n la manera correcta de desechas las colillas de cigarrillo.<\/p>\n<p>\u00a0<\/p>\n<p><strong>Lero Estudio<\/strong><\/p>\n<p>Lero Estudio se une al movimiento con el objetivo de educar, adecuar e involucrar a los ciudadanos conscientes de un medio ambiente sin contaminaci\u00f3n.<\/p>\n<p>[\/et_pb_text][\/et_pb_column][\/et_pb_row][et_pb_row _builder_version=\u201d4.17.4\u2033 _module_preset=\u201ddefault\u201d global_colors_info=\u201d{}\u201d][et_pb_column type=\u201d4_4\u2033 _builder_version=\u201d4.17.4\u2033 _module_preset=\u201ddefault\u201d global_colors_info=\u201d{}\u201d][et_pb_button button_url=\u201d@ET-DC@eyJkeW5hbWljIjp0cnVlLCJjb250ZW50IjoicG9zdF9saW5rX3VybF9wYWdlIiwic2V0dGluZ3MiOnsicG9zdF9pZCI6IjI4In19@\u201d button_text=\u201dRegresar a Inicio\u201d button_alignment=\u201dright\u201d _builder_version=\u201d4.17.4\u2033 _dynamic_attributes=\u201dbutton_url\u201d _module_preset=\u201ddefault\u201d custom_button=\u201don\u201d button_icon=\u201dJ||divi||400\u2033 button_icon_placement=\u201dleft\u201d global_colors_info=\u201d{}\u201d][\/et_pb_button][\/et_pb_column][\/et_pb_row][\/et_pb_section]<\/p>\n<\/body>","protected":false},"excerpt":{"rendered":"<p>FUNDEMAS FUNDEMAS tiene la firme convicci\u00f3n de seguir apoyando el proceso de sostenibilidad de las empresas, apoyando su visi\u00f3n de negocios, para que sean negocios sostenibles, resilientes y responsables en los tres pilares de la sostenibilidad y con la gobernanza de la empresa para trasladar al pa\u00eds un ambiente de crecimiento social e inclusivo. En [&hellip;]<\/p>\n","protected":false},"author":2,"featured_media":0,"parent":0,"menu_order":0,"comment_status":"closed","ping_status":"closed","template":"","meta":{"_et_pb_use_builder":"on","_et_pb_old_content":"","_et_gb_content_width":"","om_disable_all_campaigns":false,"footnotes":""},"class_list":["post-161","page","type-page","status-publish","hentry"],"jetpack_sharing_enabled":true,"_links":{"self":[{"href":"https:\/\/fundemas.org\/elsalvadorsincolillas\/wp-json\/wp\/v2\/pages\/161","targetHints":{"allow":["GET"]}}],"collection":[{"href":"https:\/\/fundemas.org\/elsalvadorsincolillas\/wp-json\/wp\/v2\/pages"}],"about":[{"href":"https:\/\/fundemas.org\/elsalvadorsincolillas\/wp-json\/wp\/v2\/types\/page"}],"author":[{"embeddable":true,"href":"https:\/\/fundemas.org\/elsalvadorsincolillas\/wp-json\/wp\/v2\/users\/2"}],"replies":[{"embeddable":true,"href":"https:\/\/fundemas.org\/elsalvadorsincolillas\/wp-json\/wp\/v2\/comments?post=161"}],"version-history":[{"count":4,"href":"https:\/\/fundemas.org\/elsalvadorsincolillas\/wp-json\/wp\/v2\/pages\/161\/revisions"}],"predecessor-version":[{"id":477,"href":"https:\/\/fundemas.org\/elsalvadorsincolillas\/wp-json\/wp\/v2\/pages\/161\/revisions\/477"}],"wp:attachment":[{"href":"https:\/\/fundemas.org\/elsalvadorsincolillas\/wp-json\/wp\/v2\/media?parent=161"}],"curies":[{"name":"wp","href":"https:\/\/api.w.org\/{rel}","templated":true}]}}